{"id":2,"date":"2014-02-04T07:28:10","date_gmt":"2014-02-04T07:28:10","guid":{"rendered":"http:\/\/tcatransport.com\/wordpress\/?page_id=2"},"modified":"2023-11-17T08:55:25","modified_gmt":"2023-11-17T08:55:25","slug":"sample-page","status":"publish","type":"page","link":"https:\/\/tcatransport.com\/wordpress\/?page_id=2","title":{"rendered":"TCA Transport Is\u00f3topos, S.L."},"content":{"rendered":"<p><a href=\"http:\/\/tcatransport.com\/wordpress\/wp-content\/uploads\/2014\/02\/logo-vertical.png\"><img loading=\"lazy\" decoding=\"async\" class=\"alignnone size-medium wp-image-10\" alt=\"logo vertical\" src=\"http:\/\/tcatransport.com\/wordpress\/wp-content\/uploads\/2014\/02\/logo-vertical-300x236.png\" width=\"300\" height=\"236\" srcset=\"https:\/\/tcatransport.com\/wordpress\/wp-content\/uploads\/2014\/02\/logo-vertical-300x236.png 300w, https:\/\/tcatransport.com\/wordpress\/wp-content\/uploads\/2014\/02\/logo-vertical.png 315w\" sizes=\"auto, (max-width: 300px) 100vw, 300px\" \/><\/a><\/p>\n<p>TCA Transport Is\u00f3topos S.L. es una empresa dedicada de manera exclusiva al transporte de material radiactivo desde hace mas de 30 a\u00f1os, que ha hecho de la atenci\u00f3n y adecuaci\u00f3n a las necesidades, tanto de los proveedores como de los destinatarios finales, uno de nuestros rasgos m\u00e1s caracter\u00edsticos.<\/p>\n<p>Desde que a principios de los a\u00f1os 80 comenzara a desarrollarse la Medicina Nuclear en Catalu\u00f1a, nuestra empresa ha sido testigo y ha participado en su evoluci\u00f3n, adapt\u00e1ndose a su implantaci\u00f3n gradual y a los cambios que ha experimentado el sector fruto de la constante innovaci\u00f3n. En un primer momento encarg\u00e1ndose de la distribuci\u00f3n de isotopos de los principales laboratorios europeos del sector a los centros pioneros en el diagn\u00f3stico por la imagen en Barcelona. M\u00e1s adelante, a mediados de los a\u00f1os 90, CADISA implanta el primer\u00a0 servicio de dispensaci\u00f3n de monod\u00f3sis y nuestra empresa asume la distribuci\u00f3n\u00a0 de estos radiof\u00e1rmacos, esto supone un crecimiento importante y nos proporciona una envergadura que nos permite\u00a0 en el a\u00f1o 2000 asumir los primeros transportes del \u00a0FDG desde Pamplona a Barcelona. En 2001 se crea BARNATRON primer laboratorio farmac\u00e9utico fabricante de radiof\u00e1rmacos PET en Catalu\u00f1a, \u00a0y de nuevo TCA Transport da cobertura a la distribuci\u00f3n de FDG en toda Catalu\u00f1a, gestiona los env\u00edos de material en el aeropuerto del Prat a las Islas Baleares, Islas Canarias y Pa\u00eds Vasco, tambi\u00e9n proporciona apoyo para la distribuci\u00f3n por carretera a nivel estatal realizando entregas en Castell\u00f3n, Valencia, Murcia, Almer\u00eda, Benidorm, Zaragoza, Logro\u00f1o y Bilbao. En 2008 adquiere su forma jur\u00eddica actual y es as\u00ed como llega a nuestros d\u00edas manteniendo una relaci\u00f3n de confianza con los profesionales del sector, basada en el compromiso de fiabilidad y calidad.<\/p>\n","protected":false},"excerpt":{"rendered":"<p>TCA Transport Is\u00f3topos S.L. es una empresa dedicada de manera exclusiva al transporte de material radiactivo desde hace mas de 30 a\u00f1os, que ha hecho de la atenci\u00f3n y adecuaci\u00f3n a las necesidades, tanto de los proveedores como de los destinatarios finales, uno de nuestros rasgos m\u00e1s caracter\u00edsticos. Desde que a principios de los a\u00f1os&hellip; <a class=\"read-more\" href=\"https:\/\/tcatransport.com\/wordpress\/?page_id=2\">Read More<\/a><\/p>\n","protected":false},"author":2,"featured_media":21,"parent":0,"menu_order":0,"comment_status":"closed","ping_status":"closed","template":"","meta":{"footnotes":""},"class_list":["post-2","page","type-page","status-publish","has-post-thumbnail","hentry"],"_links":{"self":[{"href":"https:\/\/tcatransport.com\/wordpress\/index.php?rest_route=\/wp\/v2\/pages\/2","targetHints":{"allow":["GET"]}}],"collection":[{"href":"https:\/\/tcatransport.com\/wordpress\/index.php?rest_route=\/wp\/v2\/pages"}],"about":[{"href":"https:\/\/tcatransport.com\/wordpress\/index.php?rest_route=\/wp\/v2\/types\/page"}],"author":[{"embeddable":true,"href":"https:\/\/tcatransport.com\/wordpress\/index.php?rest_route=\/wp\/v2\/users\/2"}],"replies":[{"embeddable":true,"href":"https:\/\/tcatransport.com\/wordpress\/index.php?rest_route=%2Fwp%2Fv2%2Fcomments&post=2"}],"version-history":[{"count":4,"href":"https:\/\/tcatransport.com\/wordpress\/index.php?rest_route=\/wp\/v2\/pages\/2\/revisions"}],"predecessor-version":[{"id":24,"href":"https:\/\/tcatransport.com\/wordpress\/index.php?rest_route=\/wp\/v2\/pages\/2\/revisions\/24"}],"wp:featuredmedia":[{"embeddable":true,"href":"https:\/\/tcatransport.com\/wordpress\/index.php?rest_route=\/wp\/v2\/media\/21"}],"wp:attachment":[{"href":"https:\/\/tcatransport.com\/wordpress\/index.php?rest_route=%2Fwp%2Fv2%2Fmedia&parent=2"}],"curies":[{"name":"wp","href":"https:\/\/api.w.org\/{rel}","templated":true}]}}